{"id":13,"date":"2021-06-14T14:46:38","date_gmt":"2021-06-14T14:46:38","guid":{"rendered":"https:\/\/ormenyarcok.hu\/?page_id=13"},"modified":"2021-07-13T08:01:10","modified_gmt":"2021-07-13T08:01:10","slug":"kep-bekuldese","status":"publish","type":"page","link":"https:\/\/ormenyarcok.hu\/index.php\/kep-bekuldese\/","title":{"rendered":"K\u00e9p bek\u00fcld\u00e9se"},"content":{"rendered":"<p>[vc_row][vc_column][vc_custom_heading text=&#8221;K\u00e9p bek\u00fcld\u00e9se&#8221; font_container=&#8221;tag:h2|text_align:left|color:%23c99e66&#8243; google_fonts=&#8221;font_family:Raleway%3A100%2C200%2C300%2Cregular%2C500%2C600%2C700%2C800%2C900|font_style:900%20bold%20regular%3A900%3Anormal&#8221; css=&#8221;.vc_custom_1623686762124{padding-top: 50px !important;}&#8221;][vc_column_text css=&#8221;.vc_custom_1624527943033{padding-top: 30px !important;}&#8221;]Amennyiben fot\u00f3t\u00e1runk r\u00e9sz\u00e9re k\u00e9peket szeretne bek\u00fcldeni, k\u00e9rj\u00fck, k\u00f6vesse az al\u00e1bbi l\u00e9p\u00e9seket:<\/p>\n<p><strong>1 &#8211; Az al\u00e1bbi gombra kattintva t\u00f6ltse le az \u0171rlap sablont.<\/strong>[\/vc_column_text][vc_btn title=&#8221;\u0170rlap let\u00f6lt\u00e9se&#8221; style=&#8221;custom&#8221; custom_background=&#8221;#c99e66&#8243; custom_text=&#8221;#ffffff&#8221; shape=&#8221;square&#8221; link=&#8221;url:https%3A%2F%2Formenyarcok.hu%2Fwp-content%2Fuploads%2F2021%2F07%2FSablon_OrmenyArcok.docx|title:%C5%B0rlap%20let%C3%B6lt%C3%A9se|target:_blank&#8221; css=&#8221;.vc_custom_1626163269241{padding-top: 20px !important;padding-bottom: 30px !important;}&#8221;][vc_column_text]<strong>2 &#8211; Az al\u00e1bbi gombra kattintva k\u00fcldj\u00f6n r\u00e9sz\u00fcnkre levelet, melyhez csatolja be az el\u0151z\u0151leg kit\u00f6lt\u00f6tt \u0171rlapot, valamint az elk\u00fcldeni k\u00edv\u00e1nt fot\u00f3kat.<br \/>\n<\/strong><\/p>\n<p>Minden fot\u00f3hoz k\u00fcl\u00f6n ki kell t\u00f6lteni egy-egy word dokumentumot, melynek lehet\u0151leg ugyanazt a nevet kell adni, mint a k\u00e9p elnevez\u00e9se.<br \/>\nEz nagyban seg\u00edti munk\u00e1nkat, hogy a mapp\u00e1kban a k\u00e9p \u00e9s a hozz\u00e1 tartoz\u00f3 le\u00edr\u00e1s egym\u00e1s mell\u00e9 ker\u00fclj\u00f6n, ne kelljen keresg\u00e9lni.[\/vc_column_text][vc_btn title=&#8221;\u0170rlap \u00e9s k\u00e9pek elk\u00fcld\u00e9se&#8221; style=&#8221;custom&#8221; custom_background=&#8221;#c99e66&#8243; custom_text=&#8221;#ffffff&#8221; shape=&#8221;square&#8221; link=&#8221;url:mailto%3Aormenyarcok%40eokk.hu|title:K%C3%A9pek%20bek%C3%BCld%C3%A9se|target:_blank&#8221; css=&#8221;.vc_custom_1624527951221{padding-top: 20px !important;padding-bottom: 50px !important;}&#8221;][\/vc_column][\/vc_row]<\/p>\n","protected":false},"excerpt":{"rendered":"<p>[vc_row][vc_column][vc_custom_heading text=&#8221;K\u00e9p bek\u00fcld\u00e9se&#8221; font_container=&#8221;tag:h2|text_align:left|color:%23c99e66&#8243; google_fonts=&#8221;font_family:Raleway%3A100%2C200%2C300%2Cregular%2C500%2C600%2C700%2C800%2C900|font_style:900%20bold%20regular%3A900%3Anormal&#8221; css=&#8221;.vc_custom_1623686762124{padding-top: 50px !important;}&#8221;][vc_column_text css=&#8221;.vc_custom_1624527943033{padding-top: 30px !important;}&#8221;]Amennyiben fot\u00f3t\u00e1runk r\u00e9sz\u00e9re k\u00e9peket szeretne bek\u00fcldeni, k\u00e9rj\u00fck, k\u00f6vesse az al\u00e1bbi l\u00e9p\u00e9seket: 1 &#8211; Az al\u00e1bbi gombra kattintva t\u00f6ltse le az&#8230;<\/p>\n","protected":false},"author":1,"featured_media":0,"parent":0,"menu_order":0,"comment_status":"closed","ping_status":"closed","template":"page-vc.php","meta":{"footnotes":""},"categories":[],"tags":[],"class_list":["post-13","page","type-page","status-publish","hentry"],"_links":{"self":[{"href":"https:\/\/ormenyarcok.hu\/index.php\/wp-json\/wp\/v2\/pages\/13","targetHints":{"allow":["GET"]}}],"collection":[{"href":"https:\/\/ormenyarcok.hu\/index.php\/wp-json\/wp\/v2\/pages"}],"about":[{"href":"https:\/\/ormenyarcok.hu\/index.php\/wp-json\/wp\/v2\/types\/page"}],"author":[{"embeddable":true,"href":"https:\/\/ormenyarcok.hu\/index.php\/wp-json\/wp\/v2\/users\/1"}],"replies":[{"embeddable":true,"href":"https:\/\/ormenyarcok.hu\/index.php\/wp-json\/wp\/v2\/comments?post=13"}],"version-history":[{"count":10,"href":"https:\/\/ormenyarcok.hu\/index.php\/wp-json\/wp\/v2\/pages\/13\/revisions"}],"predecessor-version":[{"id":568,"href":"https:\/\/ormenyarcok.hu\/index.php\/wp-json\/wp\/v2\/pages\/13\/revisions\/568"}],"wp:attachment":[{"href":"https:\/\/ormenyarcok.hu\/index.php\/wp-json\/wp\/v2\/media?parent=13"}],"wp:term":[{"taxonomy":"category","embeddable":true,"href":"https:\/\/ormenyarcok.hu\/index.php\/wp-json\/wp\/v2\/categories?post=13"},{"taxonomy":"post_tag","embeddable":true,"href":"https:\/\/ormenyarcok.hu\/index.php\/wp-json\/wp\/v2\/tags?post=13"}],"curies":[{"name":"wp","href":"https:\/\/api.w.org\/{rel}","templated":true}]}}