{"id":17,"date":"2021-06-14T14:47:05","date_gmt":"2021-06-14T14:47:05","guid":{"rendered":"https:\/\/ormenyarcok.hu\/?page_id=17"},"modified":"2021-06-24T09:38:58","modified_gmt":"2021-06-24T09:38:58","slug":"adatvedelmi-nyilatkozat","status":"publish","type":"page","link":"https:\/\/ormenyarcok.hu\/index.php\/adatvedelmi-nyilatkozat\/","title":{"rendered":"Adatv\u00e9delmi nyilatkozat"},"content":{"rendered":"<p>[vc_row][vc_column][vc_custom_heading text=&#8221;Adatv\u00e9delmi nyilatkozat&#8221; font_container=&#8221;tag:h2|text_align:left|color:%23c99e66&#8243; google_fonts=&#8221;font_family:Raleway%3A100%2C200%2C300%2Cregular%2C500%2C600%2C700%2C800%2C900|font_style:900%20bold%20regular%3A900%3Anormal&#8221; css=&#8221;.vc_custom_1623686687845{padding-top: 50px !important;}&#8221;][vc_column_text css=&#8221;.vc_custom_1624527542695{padding-top: 30px !important;padding-bottom: 50px !important;}&#8221;]A \u00d6rm\u00e9ny Arcok (mint az Erd\u00e9lyi \u00d6rm\u00e9ny Kultur\u00e1lis K\u00f6zpont projektje) mint adatkezel\u0151 tiszteletben tartja a honlapj\u00e1t l\u00e1togat\u00f3k adatainak biztons\u00e1g\u00e1t. Az oldal fel\u00fclet\u00e9n bek\u00fcld\u00f6tt fot\u00f3kat \u00e9s le\u00edr\u00e1sokat t\u00e1roljuk, azok az oldalon nyilv\u00e1nosan megtekinthet\u0151ek. A fot\u00f3t bek\u00fcld\u0151 hozz\u00e1j\u00e1rul, hogy neve nyilv\u00e1nosan megjelenjen a fot\u00f3 melletti le\u00edr\u00e1s r\u00e9szek\u00e9nt. A fot\u00f3 \u00e9s word dokumentum bek\u00fcld\u00e9s\u00e9vel a bek\u00fcld\u0151 kijelenti, hogy a fot\u00f3 nyilv\u00e1noss\u00e1 t\u00e9tel\u00e9hez joga van, az m\u00e1s szem\u00e9lyis\u00e9gi vagy tulajdonjog\u00e1t nem s\u00e9rti. Amennyiben a k\u00e9s\u0151bbiekben a bek\u00fcld\u0151 \u00edr\u00e1sban k\u00e9ri (<strong><a href=\"mailto:ormenyarcok@eokk.hu\">ormenyarcok@eokk.hu<\/a><\/strong>), a fot\u00f3t azonnal elt\u00e1vol\u00edtjuk az oldalr\u00f3l.<\/p>\n<p>Az \u00d6rm\u00e9ny Arcok a neki megadott adatokat nem ellen\u0151rzi. A megadott adatok megfelel\u0151s\u00e9g\u00e9\u00e9rt kiz\u00e1r\u00f3lag az azt megad\u00f3 szem\u00e9ly felel.<\/p>\n<p>Az adatkezel\u00e9s h\u00e1tter\u00e9t a term\u00e9szetes szem\u00e9lyeknek a szem\u00e9lyes adatok kezel\u00e9se tekintet\u00e9ben t\u00f6rt\u00e9n\u0151 v\u00e9delm\u00e9r\u0151l \u00e9s az ilyen adatok szabad \u00e1raml\u00e1s\u00e1r\u00f3l sz\u00f3l\u00f3 2016\/679 (EU) rendelet \u00e9s a sz\u00e1mvitelr\u0151l sz\u00f3l\u00f3 2000. \u00e9vi C. t\u00f6rv\u00e9ny (Sztv.) rendelkez\u00e9sei jelentik. Az adatkezel\u00e9s jogalapja a term\u00e9szetes szem\u00e9ly hozz\u00e1j\u00e1rul\u00e1sa, valamint \u2013 az adatkezel\u00e9s korl\u00e1toz\u00e1sa eset\u00e9n \u2013 a 2016\/679 (EU) rendelet 6. cikk (1) a) b) pontja alapj\u00e1n az Adatkezel\u0151t terhel\u0151, Sztv-ben megfogalmazott jogi k\u00f6telezetts\u00e9g teljes\u00edt\u00e9se.<\/p>\n<p>A honlap \u00fczemeltet\u0151je kijelenti, hogy megfelel\u0151 biztons\u00e1gi int\u00e9zked\u00e9seket hozott annak \u00e9rdek\u00e9ben, hogy a neki megadott adatokat v\u00e9dje a jogosulatlan hozz\u00e1f\u00e9r\u00e9s, megv\u00e1ltoztat\u00e1s, tov\u00e1bb\u00edt\u00e1s, nyilv\u00e1noss\u00e1gra hozatal, t\u00f6rl\u00e9s vagy megsemmis\u00edt\u00e9s, valamint a v\u00e9letlen megsemmis\u00fcl\u00e9s \u00e9s s\u00e9r\u00fcl\u00e9s, tov\u00e1bb\u00e1 az alkalmazott technika megv\u00e1ltoz\u00e1s\u00e1b\u00f3l fakad\u00f3 hozz\u00e1f\u00e9rhetetlenn\u00e9 v\u00e1l\u00e1s ellen.<\/p>\n<p>Az adatokat harmadik f\u00e9l sz\u00e1m\u00e1ra nem adjuk \u00e1t, m\u00e1s c\u00e9lb\u00f3l nem haszn\u00e1ljuk fel.[\/vc_column_text][\/vc_column][\/vc_row]<\/p>\n","protected":false},"excerpt":{"rendered":"<p>[vc_row][vc_column][vc_custom_heading text=&#8221;Adatv\u00e9delmi nyilatkozat&#8221; font_container=&#8221;tag:h2|text_align:left|color:%23c99e66&#8243; google_fonts=&#8221;font_family:Raleway%3A100%2C200%2C300%2Cregular%2C500%2C600%2C700%2C800%2C900|font_style:900%20bold%20regular%3A900%3Anormal&#8221; css=&#8221;.vc_custom_1623686687845{padding-top: 50px !important;}&#8221;][vc_column_text css=&#8221;.vc_custom_1624527542695{padding-top: 30px !important;padding-bottom: 50px !important;}&#8221;]A \u00d6rm\u00e9ny Arcok (mint az Erd\u00e9lyi \u00d6rm\u00e9ny Kultur\u00e1lis K\u00f6zpont projektje) mint adatkezel\u0151 tiszteletben tartja a honlapj\u00e1t l\u00e1togat\u00f3k adatainak&#8230;<\/p>\n","protected":false},"author":1,"featured_media":0,"parent":0,"menu_order":0,"comment_status":"closed","ping_status":"closed","template":"page-vc.php","meta":{"footnotes":""},"categories":[],"tags":[],"class_list":["post-17","page","type-page","status-publish","hentry"],"_links":{"self":[{"href":"https:\/\/ormenyarcok.hu\/index.php\/wp-json\/wp\/v2\/pages\/17","targetHints":{"allow":["GET"]}}],"collection":[{"href":"https:\/\/ormenyarcok.hu\/index.php\/wp-json\/wp\/v2\/pages"}],"about":[{"href":"https:\/\/ormenyarcok.hu\/index.php\/wp-json\/wp\/v2\/types\/page"}],"author":[{"embeddable":true,"href":"https:\/\/ormenyarcok.hu\/index.php\/wp-json\/wp\/v2\/users\/1"}],"replies":[{"embeddable":true,"href":"https:\/\/ormenyarcok.hu\/index.php\/wp-json\/wp\/v2\/comments?post=17"}],"version-history":[{"count":8,"href":"https:\/\/ormenyarcok.hu\/index.php\/wp-json\/wp\/v2\/pages\/17\/revisions"}],"predecessor-version":[{"id":167,"href":"https:\/\/ormenyarcok.hu\/index.php\/wp-json\/wp\/v2\/pages\/17\/revisions\/167"}],"wp:attachment":[{"href":"https:\/\/ormenyarcok.hu\/index.php\/wp-json\/wp\/v2\/media?parent=17"}],"wp:term":[{"taxonomy":"category","embeddable":true,"href":"https:\/\/ormenyarcok.hu\/index.php\/wp-json\/wp\/v2\/categories?post=17"},{"taxonomy":"post_tag","embeddable":true,"href":"https:\/\/ormenyarcok.hu\/index.php\/wp-json\/wp\/v2\/tags?post=17"}],"curies":[{"name":"wp","href":"https:\/\/api.w.org\/{rel}","templated":true}]}}