{"id":19,"date":"2021-06-14T14:47:16","date_gmt":"2021-06-14T14:47:16","guid":{"rendered":"https:\/\/ormenyarcok.hu\/?page_id=19"},"modified":"2021-06-24T09:43:45","modified_gmt":"2021-06-24T09:43:45","slug":"rolunk","status":"publish","type":"page","link":"https:\/\/ormenyarcok.hu\/index.php\/rolunk\/","title":{"rendered":"R\u00f3lunk"},"content":{"rendered":"<p>[vc_row][vc_column][vc_custom_heading text=&#8221;R\u00f3lunk&#8221; font_container=&#8221;tag:h2|text_align:left|color:%23c99e66&#8243; google_fonts=&#8221;font_family:Raleway%3A100%2C200%2C300%2Cregular%2C500%2C600%2C700%2C800%2C900|font_style:900%20bold%20regular%3A900%3Anormal&#8221; css=&#8221;.vc_custom_1623688048339{padding-top: 50px !important;}&#8221;][vc_column_text css=&#8221;.vc_custom_1624527828001{padding-top: 30px !important;padding-bottom: 50px !important;}&#8221;]Minden csal\u00e1dban kall\u00f3dnak r\u00e9gi fot\u00f3k a nagysz\u00fcl\u0151kr\u0151l, felmen\u0151kr\u0151l \u00e9s r\u00e9gi bar\u00e1tokr\u00f3l. N\u00e9h\u00e1nyr\u00f3l alig valamennyit tudunk (esetleg a h\u00e1toldal\u00e1n szerepel egy \u00e9vsz\u00e1m vagy egy helysz\u00edn), n\u00e9h\u00e1nyr\u00f3l novell\u00e1nyi h\u00e1tt\u00e9rt\u00f6rt\u00e9net is kering a csal\u00e1dban, \u00e9s n\u00e9h\u00e1ny csal\u00e1dban m\u00e9g van \u00e9l\u0151 rokon, akit\u0151l meg lehet k\u00e9rdezni, hogy kik vannak a k\u00e9peken. Lehet, hogy kiss\u00e9 s\u00e9r\u00fclt, megfakult, hi\u00e1nyzik a sarka, de a l\u00e9nyeg m\u00e9g ott van a pap\u00edron, a r\u00e9gm\u00falt korok lenyomata. Szeretn\u00e9m, ha ez a m\u00falt nem kall\u00f3dna el, hogyha b\u00e1rki megn\u00e9zegethetn\u00e9 ezeket a k\u00e9peket.<\/p>\n<p>Az \u00d6rm\u00e9ny Arcok oldalra mindenki bek\u00fcldheti r\u00e9gi fot\u00f3it, melyen teljesen vagy r\u00e9szben \u00f6rm\u00e9ny sz\u00e1rmaz\u00e1s\u00fa szem\u00e9lyek is szerepelnek. A kapott k\u00e9peken jav\u00edtunk, hogyha kell, kiretus\u00e1ljuk a s\u00e9r\u00fcl\u00e9seket, helyrehozzuk \u0151ket \u00e9s a bek\u00fcld\u0151 \u00e1ltal megadott megfelel\u0151 inform\u00e1ci\u00f3k felt\u0171ntet\u00e9s\u00e9vel felt\u00f6ltj\u00fck az oldalra, hogy b\u00e1rki megn\u00e9zhesse, kereshessen k\u00f6z\u00f6tt\u00fck. Mindenkinek m\u00e1s miatt \u00e9rdekes egy r\u00e9gi fot\u00f3gy\u0171jtem\u00e9ny. Van, aki az arckifejez\u00e9seket szereti n\u00e9zegetni, van, akit a ruh\u00e1k \u00e9rdekelnek (nem csak a n\u0151i divat, hanem ak\u00e1r katonai egyenruh\u00e1k, gyermekek \u00f6lt\u00f6z\u00e9kei) \u00e9s van, aki egy nemzetis\u00e9g jellemz\u0151it szereti felfedezni a fot\u00f3k sz\u00e1zait v\u00e9gig b\u00f6ng\u00e9szve.<\/p>\n<p>Hogy a k\u00e9pek rendszerezetten \u00e9s kutathat\u00f3an ker\u00fclhessenek be az oldalra, k\u00e9sz\u00edtett\u00fcnk egy word dokumentumot, amiben elk\u00e9rj\u00fck k\u00e9penk\u00e9nt azokat az inform\u00e1ci\u00f3kat, amelyeket majd a k\u00e9p mellett megjelentet\u00fcnk az oldalon, hogy seg\u00edts\u00e9k majd a k\u00e9pek k\u00f6z\u00f6tti tematikus keres\u00e9st. Ez a dokumentum let\u00f6lthet\u0151 innen (<a href=\"https:\/\/ormenyarcok.hu\/index.php\/kep-bekuldese\/\">https:\/\/ormenyarcok.hu\/index.php\/kep-bekuldese\/<\/a> ). Minden fot\u00f3hoz k\u00fcl\u00f6n ki kell t\u00f6lteni egy-egy word dokumentumot, melynek lehet\u0151leg ugyanazt a nevet kell adni, mint a k\u00e9p elnevez\u00e9se. Ez nagyban seg\u00edti munk\u00e1nkat, hogy a mapp\u00e1kban a k\u00e9p \u00e9s a hozz\u00e1 tartoz\u00f3 le\u00edr\u00e1s egym\u00e1s mell\u00e9 ker\u00fclj\u00f6n, ne kelljen keresg\u00e9lni.<\/p>\n<p>Az \u00d6rm\u00e9ny Arcok gy\u0171jtem\u00e9ny az Erd\u00e9lyi \u00d6rm\u00e9ny Kultur\u00e1lis K\u00f6zpont projektje.<\/p>\n<p>Az <strong>Erd\u00e9lyi \u00d6rm\u00e9ny Kultur\u00e1lis K\u00f6zpont<\/strong> (<strong><a href=\"http:\/\/www.eokk.hu\">E\u00d6KK<\/a><\/strong>) feladat\u00e1nak tekinti, hogy mindazt a tud\u00e1sanyagot, melyet tartalomk\u00e9nt, kincsk\u00e9nt az elm\u00falt \u00e9vtizedek sor\u00e1n \u00f6sszegy\u0171lt, hogyan b\u0151v\u00edthetn\u00e9nk \u00e9s milyen form\u00e1ban dolgozhatn\u00e1nk \u00fagy fel, hogy a mai modern megjelen\u00e9si form\u00e1knak k\u00f6sz\u00f6nhet\u0151en megpr\u00f3b\u00e1ljuk el\u00e9rni azon fiatalabb koroszt\u00e1lyokat, akik a hagyom\u00e1nyos publik\u00e1ci\u00f3s form\u00e1kra nem vev\u0151k, vagy nem k\u00edv\u00e1ncsiak, viszont megsz\u00f3l\u00edthat\u00f3k egy-egy \u00e9rdekes r\u00f6vid cikkel, egy-egy mes\u00e9l\u0151 f\u00e9nyk\u00e9ppel, vagy egy izgalmasnak \u00edg\u00e9rkez\u0151 r\u00f6vid filmanyaggal.<\/p>\n<p>&nbsp;<\/p>\n<p><strong>A K\u00f6zpont misszi\u00f3ja:<\/strong><\/p>\n<p>\u201e\u00d6sszegy\u0171jteni, dokument\u00e1lni \u00e9s a mai ig\u00e9nyeknek megfelel\u0151, rendszerezett form\u00e1ban bemutatni mindazt az \u00e9rt\u00e9ket, amely az elm\u00falt t\u00f6bb, mint huszon\u00f6t \u00e9v munk\u00e1ja alapj\u00e1n \u00f6sszegy\u0171lt az erd\u00e9lyi \u00f6rm\u00e9ny kultur\u00e1lis ter\u00fcleten.<\/p>\n<p>Gyarap\u00edtani, b\u0151v\u00edteni ezen \u00e9rt\u00e9kek k\u00f6r\u00e9t \u00e9s sz\u00e1m\u00e1t, lehet\u0151v\u00e9 tenni az erd\u00e9lyi \u00f6rm\u00e9ny t\u00e9m\u00e1j\u00fa kutat\u00e1st a kult\u00fara k\u00fcl\u00f6nb\u00f6z\u0151 ter\u00fcletein.<\/p>\n<p>Gy\u0171jteni a csal\u00e1dt\u00f6rt\u00e9neteket \u00e9s ezen kultur\u00e1lis \u00e9rt\u00e9kekkel \u00f6sszekapcsolva kutathat\u00f3an l\u00e9trehozni a magyar\u00f6rm\u00e9nyek min\u00e9l teljesebb t\u00f6rt\u00e9net\u00e9t a t\u00f6rt\u00e9nelmi \u00e9s a mai Magyarorsz\u00e1gon.<\/p>\n<p>Megsz\u00f3l\u00edtani \u00e9s identit\u00e1s\u00e1ban meger\u0151s\u00edteni az erd\u00e9lyi \u00f6rm\u00e9ny gy\u00f6ker\u0171 csal\u00e1dokat, szem\u00e9lyeket, a k\u00fcl\u00f6nb\u00f6z\u0151 koroszt\u00e1lyokban.<\/p>\n<p>Tudom\u00e1nyos m\u00f3dszertannal vizsg\u00e1lni, megtal\u00e1lni \u00e9s r\u00e1vil\u00e1g\u00edtani azokra a pontokra, amelyek a magyar\u00f6rm\u00e9ny csal\u00e1dok \u00e9let\u00e9t, \u00e9let\u00fatj\u00e1t meghat\u00e1roz\u00f3v\u00e1 teszik.<\/p>\n<p>Bemutatni a magyar\u00f6rm\u00e9nyek sok sz\u00e1z \u00e9ve, \u00fcld\u00f6ztet\u00e9sben, elnyom\u00e1sban is megtartott katolikus elk\u00f6telezetts\u00e9g\u00e9t \u00e9s az ezen alapul\u00f3 \u00e9rt\u00e9keket, csal\u00e1dban, k\u00f6z\u00e9letben.<\/p>\n<p>Teret \u00e9s lehet\u0151s\u00e9get adni az erd\u00e9lyi \u00f6rm\u00e9ny gy\u00f6ker\u0171 csal\u00e1doknak, szem\u00e9lyeknek a tal\u00e1lkoz\u00e1sra, a szem\u00e9lyes \u00e9s kultur\u00e1lis kapcsolatok meg\u00e9l\u00e9s\u00e9re. Bemutatni a m\u0171v\u00e9szet, a tudom\u00e1ny, a kult\u00fara k\u00fcl\u00f6nb\u00f6z\u0151 ter\u00fcletein tev\u00e9kenyked\u0151 erd\u00e9lyi \u00f6rm\u00e9ny gy\u00f6ker\u0171 szem\u00e9lyeket.&#8221;[\/vc_column_text][\/vc_column][\/vc_row]<\/p>\n","protected":false},"excerpt":{"rendered":"<p>[vc_row][vc_column][vc_custom_heading text=&#8221;R\u00f3lunk&#8221; font_container=&#8221;tag:h2|text_align:left|color:%23c99e66&#8243; google_fonts=&#8221;font_family:Raleway%3A100%2C200%2C300%2Cregular%2C500%2C600%2C700%2C800%2C900|font_style:900%20bold%20regular%3A900%3Anormal&#8221; css=&#8221;.vc_custom_1623688048339{padding-top: 50px !important;}&#8221;][vc_column_text css=&#8221;.vc_custom_1624527828001{padding-top: 30px !important;padding-bottom: 50px !important;}&#8221;]Minden csal\u00e1dban kall\u00f3dnak r\u00e9gi fot\u00f3k a nagysz\u00fcl\u0151kr\u0151l, felmen\u0151kr\u0151l \u00e9s r\u00e9gi bar\u00e1tokr\u00f3l. N\u00e9h\u00e1nyr\u00f3l alig valamennyit tudunk (esetleg a h\u00e1toldal\u00e1n szerepel&#8230;<\/p>\n","protected":false},"author":1,"featured_media":0,"parent":0,"menu_order":0,"comment_status":"closed","ping_status":"closed","template":"page-vc.php","meta":{"footnotes":""},"categories":[],"tags":[],"class_list":["post-19","page","type-page","status-publish","hentry"],"_links":{"self":[{"href":"https:\/\/ormenyarcok.hu\/index.php\/wp-json\/wp\/v2\/pages\/19","targetHints":{"allow":["GET"]}}],"collection":[{"href":"https:\/\/ormenyarcok.hu\/index.php\/wp-json\/wp\/v2\/pages"}],"about":[{"href":"https:\/\/ormenyarcok.hu\/index.php\/wp-json\/wp\/v2\/types\/page"}],"author":[{"embeddable":true,"href":"https:\/\/ormenyarcok.hu\/index.php\/wp-json\/wp\/v2\/users\/1"}],"replies":[{"embeddable":true,"href":"https:\/\/ormenyarcok.hu\/index.php\/wp-json\/wp\/v2\/comments?post=19"}],"version-history":[{"count":5,"href":"https:\/\/ormenyarcok.hu\/index.php\/wp-json\/wp\/v2\/pages\/19\/revisions"}],"predecessor-version":[{"id":170,"href":"https:\/\/ormenyarcok.hu\/index.php\/wp-json\/wp\/v2\/pages\/19\/revisions\/170"}],"wp:attachment":[{"href":"https:\/\/ormenyarcok.hu\/index.php\/wp-json\/wp\/v2\/media?parent=19"}],"wp:term":[{"taxonomy":"category","embeddable":true,"href":"https:\/\/ormenyarcok.hu\/index.php\/wp-json\/wp\/v2\/categories?post=19"},{"taxonomy":"post_tag","embeddable":true,"href":"https:\/\/ormenyarcok.hu\/index.php\/wp-json\/wp\/v2\/tags?post=19"}],"curies":[{"name":"wp","href":"https:\/\/api.w.org\/{rel}","templated":true}]}}