{"id":192,"date":"2021-06-14T16:40:14","date_gmt":"2021-06-14T16:40:14","guid":{"rendered":"https:\/\/ormenyarcok.hu\/index.php\/minta-oldal-2-2-2-2-2-2-2\/"},"modified":"2021-08-31T17:23:43","modified_gmt":"2021-08-31T17:23:43","slug":"davidantalescsaladja","status":"publish","type":"page","link":"https:\/\/ormenyarcok.hu\/index.php\/davidantalescsaladja\/","title":{"rendered":"D\u00e1vid Antal \u00e9s csal\u00e1dja"},"content":{"rendered":"<p>[vc_row full_height=&#8221;yes&#8221; columns_placement=&#8221;top&#8221; equal_height=&#8221;yes&#8221; content_placement=&#8221;middle&#8221; css=&#8221;.vc_custom_1625072383780{padding-top: 50px !important;padding-bottom: 50px !important;}&#8221;][vc_column width=&#8221;2\/3&#8243;][vc_single_image image=&#8221;194&#8243; img_size=&#8221;medium&#8221; alignment=&#8221;center&#8221; onclick=&#8221;img_link_large&#8221; img_link_target=&#8221;_blank&#8221;][vc_row_inner equal_height=&#8221;yes&#8221; content_placement=&#8221;middle&#8221;][vc_column_inner][vc_column_text css=&#8221;.vc_custom_1625072450167{padding-top: 20px !important;}&#8221;]<\/p>\n<p style=\"text-align: center;\">A k\u00e9pre kattintva nagyobb m\u00e9retben is megtekintheti azt.<\/p>\n<p>[\/vc_column_text][\/vc_column_inner][\/vc_row_inner][\/vc_column][vc_column width=&#8221;1\/3&#8243;][vc_custom_heading text=&#8221;K\u00e9p c\u00edme&#8221; font_container=&#8221;tag:h3|text_align:left|color:%23c99e66&#8243; google_fonts=&#8221;font_family:Raleway%3A100%2C200%2C300%2Cregular%2C500%2C600%2C700%2C800%2C900|font_style:900%20bold%20regular%3A900%3Anormal&#8221;][vc_column_text]D\u00e1vid Antal \u00e9s csal\u00e1dja[\/vc_column_text][vc_custom_heading text=&#8221;Le\u00edr\u00e1s&#8221; font_container=&#8221;tag:h3|text_align:left|color:%23c99e66&#8243; google_fonts=&#8221;font_family:Raleway%3A100%2C200%2C300%2Cregular%2C500%2C600%2C700%2C800%2C900|font_style:900%20bold%20regular%3A900%3Anormal&#8221; css=&#8221;.vc_custom_1625475744945{padding-top: 20px !important;}&#8221;][vc_column_text]K\u00e9zdiv\u00e1s\u00e1rhelyen, a csal\u00e1d lakhely\u00e9n k\u00e9sz\u00fclt k\u00e9p. D\u00e1vid Antal keresked\u0151, 100%-ban \u00f6rm\u00e9ny. Feles\u00e9ge az elhunyt Csiky Ida is 100% \u00f6rm\u00e9ny volt. N\u00e9gy fia volt, \u0151k l\u00e1that\u00f3k a fels\u0151 sorban.<\/p>\n<p>A k\u00e9p szerepl\u0151i balr\u00f3l jobbra:<\/p>\n<p>Fels\u0151 sor: D\u00e1vid Mih\u00e1ly, a Kolozsv\u00e1ri Dermata b\u0151rgy\u00e1r gazdas\u00e1gi vezet\u0151je. D\u00e1vid Istv\u00e1n (a bek\u00fcld\u0151 d\u00e9dapja), \u00fcgyv\u00e9d, zeneszerz\u0151, Kod\u00e1ly tan\u00edtv\u00e1nya. D\u00e1vid Lajos, a kolozsv\u00e1ri egyetem gy\u00f3gyszer\u00e9sz professzora, D\u00e1vid Dezs\u0151, keresked\u0151<\/p>\n<p>K\u00f6z\u00e9pes\u0151 sor: D\u00e1vid Mih\u00e1ly neje Dajbuk\u00e1t Margit. \u00d6l\u00e9ben fi\u00fak D\u00e1vid P\u00e1l. D\u00e1vid Istv\u00e1nn\u00e9 Zakari\u00e1s Anna. D\u00e1vid Antal, a n\u00e9gy fi\u00fa apja, keresked\u0151. D\u00e1vid Lajosn\u00e9 B\u00edr\u00f3 Szaniszla. \u00d6l\u00e9ben le\u00e1nyuk D\u00e1vid Ter\u00e9z. D\u00e1vid Dezs\u0151n\u00e9 Fej\u00e9r Katalin.<\/p>\n<p>Als\u00f3 sor: D\u00e1vid Ida D\u00e1vid Mih\u00e1ly \u00e9s Dajbuk\u00e1t Margit le\u00e1nya. D\u00e1vid Antal Iv\u00e1n D\u00e1vid Istv\u00e1n \u00e9s Zakari\u00e1s Anna fia a bek\u00fcld\u0151 anyai nagyapja. D\u00e1vid Lajos Szaniszl\u00f3 D\u00e1vid Lajos \u00e9s B\u00edr\u00f3 Szaniszla fia k\u00e9s\u0151bb r\u00f3mai katolikus pap.[\/vc_column_text][vc_custom_heading text=&#8221;K\u00e9p k\u00e9sz\u00fcl\u00e9s\u00e9nek ideje&#8221; font_container=&#8221;tag:h3|text_align:left|color:%23c99e66&#8243; google_fonts=&#8221;font_family:Raleway%3A100%2C200%2C300%2Cregular%2C500%2C600%2C700%2C800%2C900|font_style:900%20bold%20regular%3A900%3Anormal&#8221; css=&#8221;.vc_custom_1625475776273{padding-top: 20px !important;}&#8221;][vc_column_text]1925 k\u00f6r\u00fcl[\/vc_column_text][vc_custom_heading text=&#8221;Fot\u00f3 jogtulajdonosa&#8221; font_container=&#8221;tag:h3|text_align:left|color:%23c99e66&#8243; google_fonts=&#8221;font_family:Raleway%3A100%2C200%2C300%2Cregular%2C500%2C600%2C700%2C800%2C900|font_style:900%20bold%20regular%3A900%3Anormal&#8221; css=&#8221;.vc_custom_1625475804599{padding-top: 20px !important;}&#8221;][vc_column_text]Fab\u00f3k D\u00e1vid[\/vc_column_text][\/vc_column][\/vc_row]<\/p>\n","protected":false},"excerpt":{"rendered":"<p>[vc_row full_height=&#8221;yes&#8221; columns_placement=&#8221;top&#8221; equal_height=&#8221;yes&#8221; content_placement=&#8221;middle&#8221; css=&#8221;.vc_custom_1625072383780{padding-top: 50px !important;padding-bottom: 50px !important;}&#8221;][vc_column width=&#8221;2\/3&#8243;][vc_single_image image=&#8221;194&#8243; img_size=&#8221;medium&#8221; alignment=&#8221;center&#8221; onclick=&#8221;img_link_large&#8221; img_link_target=&#8221;_blank&#8221;][vc_row_inner equal_height=&#8221;yes&#8221; content_placement=&#8221;middle&#8221;][vc_column_inner][vc_column_text css=&#8221;.vc_custom_1625072450167{padding-top: 20px !important;}&#8221;] A k\u00e9pre kattintva nagyobb m\u00e9retben is megtekintheti azt. [\/vc_column_text][\/vc_column_inner][\/vc_row_inner][\/vc_column][vc_column&#8230;<\/p>\n","protected":false},"author":1,"featured_media":194,"parent":0,"menu_order":0,"comment_status":"closed","ping_status":"closed","template":"page-vc.php","meta":{"footnotes":""},"categories":[5,6,15],"tags":[],"class_list":["post-192","page","type-page","status-publish","has-post-thumbnail","hentry","category-csalad","category-csoportkep","category-feketefeher"],"_links":{"self":[{"href":"https:\/\/ormenyarcok.hu\/index.php\/wp-json\/wp\/v2\/pages\/192","targetHints":{"allow":["GET"]}}],"collection":[{"href":"https:\/\/ormenyarcok.hu\/index.php\/wp-json\/wp\/v2\/pages"}],"about":[{"href":"https:\/\/ormenyarcok.hu\/index.php\/wp-json\/wp\/v2\/types\/page"}],"author":[{"embeddable":true,"href":"https:\/\/ormenyarcok.hu\/index.php\/wp-json\/wp\/v2\/users\/1"}],"replies":[{"embeddable":true,"href":"https:\/\/ormenyarcok.hu\/index.php\/wp-json\/wp\/v2\/comments?post=192"}],"version-history":[{"count":4,"href":"https:\/\/ormenyarcok.hu\/index.php\/wp-json\/wp\/v2\/pages\/192\/revisions"}],"predecessor-version":[{"id":570,"href":"https:\/\/ormenyarcok.hu\/index.php\/wp-json\/wp\/v2\/pages\/192\/revisions\/570"}],"wp:featuredmedia":[{"embeddable":true,"href":"https:\/\/ormenyarcok.hu\/index.php\/wp-json\/wp\/v2\/media\/194"}],"wp:attachment":[{"href":"https:\/\/ormenyarcok.hu\/index.php\/wp-json\/wp\/v2\/media?parent=192"}],"wp:term":[{"taxonomy":"category","embeddable":true,"href":"https:\/\/ormenyarcok.hu\/index.php\/wp-json\/wp\/v2\/categories?post=192"},{"taxonomy":"post_tag","embeddable":true,"href":"https:\/\/ormenyarcok.hu\/index.php\/wp-json\/wp\/v2\/tags?post=192"}],"curies":[{"name":"wp","href":"https:\/\/api.w.org\/{rel}","templated":true}]}}