{"id":213,"date":"2021-06-14T16:40:14","date_gmt":"2021-06-14T16:40:14","guid":{"rendered":"https:\/\/ormenyarcok.hu\/index.php\/minta-oldal-2-2-2-2-2-2-2\/"},"modified":"2021-07-05T09:39:32","modified_gmt":"2021-07-05T09:39:32","slug":"gamentzyalbertescsaladja","status":"publish","type":"page","link":"https:\/\/ormenyarcok.hu\/index.php\/gamentzyalbertescsaladja\/","title":{"rendered":"G\u00e1mentzy Albert \u00e9s csal\u00e1dja"},"content":{"rendered":"<p>[vc_row full_height=&#8221;yes&#8221; columns_placement=&#8221;top&#8221; equal_height=&#8221;yes&#8221; content_placement=&#8221;middle&#8221; css=&#8221;.vc_custom_1625072383780{padding-top: 50px !important;padding-bottom: 50px !important;}&#8221;][vc_column width=&#8221;2\/3&#8243;][vc_single_image image=&#8221;219&#8243; img_size=&#8221;medium&#8221; alignment=&#8221;center&#8221; onclick=&#8221;img_link_large&#8221; img_link_target=&#8221;_blank&#8221;][vc_row_inner equal_height=&#8221;yes&#8221; content_placement=&#8221;middle&#8221;][vc_column_inner][vc_column_text css=&#8221;.vc_custom_1625072450167{padding-top: 20px !important;}&#8221;]<\/p>\n<p style=\"text-align: center;\">A k\u00e9pre kattintva nagyobb m\u00e9retben is megtekintheti azt.<\/p>\n<p>[\/vc_column_text][\/vc_column_inner][\/vc_row_inner][\/vc_column][vc_column width=&#8221;1\/3&#8243;][vc_custom_heading text=&#8221;K\u00e9p c\u00edme&#8221; font_container=&#8221;tag:h3|text_align:left|color:%23c99e66&#8243; google_fonts=&#8221;font_family:Raleway%3A100%2C200%2C300%2Cregular%2C500%2C600%2C700%2C800%2C900|font_style:900%20bold%20regular%3A900%3Anormal&#8221;][vc_column_text]G\u00e1mentzy Albert \u00e9s csal\u00e1dja[\/vc_column_text][vc_custom_heading text=&#8221;Le\u00edr\u00e1s&#8221; font_container=&#8221;tag:h3|text_align:left|color:%23c99e66&#8243; google_fonts=&#8221;font_family:Raleway%3A100%2C200%2C300%2Cregular%2C500%2C600%2C700%2C800%2C900|font_style:900%20bold%20regular%3A900%3Anormal&#8221; css=&#8221;.vc_custom_1624286691048{padding-top: 20px !important;}&#8221;][vc_column_text]A k\u00e9pen szerepel:<\/p>\n<p>K\u00f6z\u00e9pen: G\u00e1mentzy Albert (?-1949) (G\u00e1mentzy Domokos \u00e9s G\u00e1mentzy Irma testv\u00e9re) apai \u00e1gon \u00f6rm\u00e9ny \u00a0(1\/2. r\u00e9szt \u00f6rm\u00e9ny)<\/p>\n<p>jobb oldalon: G\u00e1mentzy Ir\u00e9n (G\u00e1mentzy Domokos \u00e9s F\u0151z\u0151 Katalin gyermeke) apai \u00e1gon \u00f6rm\u00e9ny ( \u00bc. r\u00e9sz \u00f6rm\u00e9ny)<\/p>\n<p>Bal oldalon: Vajda Istv\u00e1n (Vajda K\u00e1roly \u00e9s G\u00e1mentzy Irma gyermeke) anyai \u00e1gon \u00f6rm\u00e9ny (1\/4. r\u00e9szt \u00f6rm\u00e9ny)[\/vc_column_text][vc_custom_heading text=&#8221;K\u00e9p k\u00e9sz\u00fcl\u00e9s\u00e9nek ideje&#8221; font_container=&#8221;tag:h3|text_align:left|color:%23c99e66&#8243; google_fonts=&#8221;font_family:Raleway%3A100%2C200%2C300%2Cregular%2C500%2C600%2C700%2C800%2C900|font_style:900%20bold%20regular%3A900%3Anormal&#8221; css=&#8221;.vc_custom_1623690313251{padding-top: 20px !important;}&#8221;][vc_column_text]1930. Magyarszov\u00e1t[\/vc_column_text][vc_custom_heading text=&#8221;Fot\u00f3 jogtulajdonosa&#8221; font_container=&#8221;tag:h3|text_align:left|color:%23c99e66&#8243; google_fonts=&#8221;font_family:Raleway%3A100%2C200%2C300%2Cregular%2C500%2C600%2C700%2C800%2C900|font_style:900%20bold%20regular%3A900%3Anormal&#8221; css=&#8221;.vc_custom_1623690321182{padding-top: 20px !important;}&#8221;][vc_column_text]Isp\u00e1nkin\u00e9 Somlyai Katalin[\/vc_column_text][\/vc_column][\/vc_row]<\/p>\n","protected":false},"excerpt":{"rendered":"<p>[vc_row full_height=&#8221;yes&#8221; columns_placement=&#8221;top&#8221; equal_height=&#8221;yes&#8221; content_placement=&#8221;middle&#8221; css=&#8221;.vc_custom_1625072383780{padding-top: 50px !important;padding-bottom: 50px !important;}&#8221;][vc_column width=&#8221;2\/3&#8243;][vc_single_image image=&#8221;219&#8243; img_size=&#8221;medium&#8221; alignment=&#8221;center&#8221; onclick=&#8221;img_link_large&#8221; img_link_target=&#8221;_blank&#8221;][vc_row_inner equal_height=&#8221;yes&#8221; content_placement=&#8221;middle&#8221;][vc_column_inner][vc_column_text css=&#8221;.vc_custom_1625072450167{padding-top: 20px !important;}&#8221;] A k\u00e9pre kattintva nagyobb m\u00e9retben is megtekintheti azt. [\/vc_column_text][\/vc_column_inner][\/vc_row_inner][\/vc_column][vc_column&#8230;<\/p>\n","protected":false},"author":1,"featured_media":219,"parent":0,"menu_order":0,"comment_status":"closed","ping_status":"closed","template":"page-vc.php","meta":{"footnotes":""},"categories":[5,6,15,7],"tags":[],"class_list":["post-213","page","type-page","status-publish","has-post-thumbnail","hentry","category-csalad","category-csoportkep","category-feketefeher","category-gyerekek"],"_links":{"self":[{"href":"https:\/\/ormenyarcok.hu\/index.php\/wp-json\/wp\/v2\/pages\/213","targetHints":{"allow":["GET"]}}],"collection":[{"href":"https:\/\/ormenyarcok.hu\/index.php\/wp-json\/wp\/v2\/pages"}],"about":[{"href":"https:\/\/ormenyarcok.hu\/index.php\/wp-json\/wp\/v2\/types\/page"}],"author":[{"embeddable":true,"href":"https:\/\/ormenyarcok.hu\/index.php\/wp-json\/wp\/v2\/users\/1"}],"replies":[{"embeddable":true,"href":"https:\/\/ormenyarcok.hu\/index.php\/wp-json\/wp\/v2\/comments?post=213"}],"version-history":[{"count":2,"href":"https:\/\/ormenyarcok.hu\/index.php\/wp-json\/wp\/v2\/pages\/213\/revisions"}],"predecessor-version":[{"id":220,"href":"https:\/\/ormenyarcok.hu\/index.php\/wp-json\/wp\/v2\/pages\/213\/revisions\/220"}],"wp:featuredmedia":[{"embeddable":true,"href":"https:\/\/ormenyarcok.hu\/index.php\/wp-json\/wp\/v2\/media\/219"}],"wp:attachment":[{"href":"https:\/\/ormenyarcok.hu\/index.php\/wp-json\/wp\/v2\/media?parent=213"}],"wp:term":[{"taxonomy":"category","embeddable":true,"href":"https:\/\/ormenyarcok.hu\/index.php\/wp-json\/wp\/v2\/categories?post=213"},{"taxonomy":"post_tag","embeddable":true,"href":"https:\/\/ormenyarcok.hu\/index.php\/wp-json\/wp\/v2\/tags?post=213"}],"curies":[{"name":"wp","href":"https:\/\/api.w.org\/{rel}","templated":true}]}}