{"id":221,"date":"2021-06-14T16:40:14","date_gmt":"2021-06-14T16:40:14","guid":{"rendered":"https:\/\/ormenyarcok.hu\/index.php\/minta-oldal-2-2-2-2-2-2-2-2-2\/"},"modified":"2021-07-05T09:59:10","modified_gmt":"2021-07-05T09:59:10","slug":"gamentzydomokos_02","status":"publish","type":"page","link":"https:\/\/ormenyarcok.hu\/index.php\/gamentzydomokos_02\/","title":{"rendered":"G\u00e1mentzy Domokos_02"},"content":{"rendered":"<p>[vc_row full_height=&#8221;yes&#8221; columns_placement=&#8221;top&#8221; equal_height=&#8221;yes&#8221; content_placement=&#8221;middle&#8221; css=&#8221;.vc_custom_1625072383780{padding-top: 50px !important;padding-bottom: 50px !important;}&#8221;][vc_column width=&#8221;2\/3&#8243;][vc_single_image image=&#8221;227&#8243; img_size=&#8221;medium&#8221; alignment=&#8221;center&#8221; onclick=&#8221;img_link_large&#8221; img_link_target=&#8221;_blank&#8221;][vc_row_inner equal_height=&#8221;yes&#8221; content_placement=&#8221;middle&#8221;][vc_column_inner][vc_column_text css=&#8221;.vc_custom_1625072450167{padding-top: 20px !important;}&#8221;]<\/p>\n<p style=\"text-align: center;\">A k\u00e9pre kattintva nagyobb m\u00e9retben is megtekintheti azt.<\/p>\n<p>[\/vc_column_text][\/vc_column_inner][\/vc_row_inner][\/vc_column][vc_column width=&#8221;1\/3&#8243;][vc_custom_heading text=&#8221;K\u00e9p c\u00edme&#8221; font_container=&#8221;tag:h3|text_align:left|color:%23c99e66&#8243; google_fonts=&#8221;font_family:Raleway%3A100%2C200%2C300%2Cregular%2C500%2C600%2C700%2C800%2C900|font_style:900%20bold%20regular%3A900%3Anormal&#8221;][vc_column_text]G\u00e1mentzy Domokos katonak\u00e9nt[\/vc_column_text][vc_custom_heading text=&#8221;Le\u00edr\u00e1s&#8221; font_container=&#8221;tag:h3|text_align:left|color:%23c99e66&#8243; google_fonts=&#8221;font_family:Raleway%3A100%2C200%2C300%2Cregular%2C500%2C600%2C700%2C800%2C900|font_style:900%20bold%20regular%3A900%3Anormal&#8221; css=&#8221;.vc_custom_1624286691048{padding-top: 20px !important;}&#8221;][vc_column_text]G\u00e1mentzy Domokos katonai egyenruh\u00e1j\u00e1ban (1997-1941) &#8211; Apai \u00e1gon \u00f6rm\u00e9ny (1\/2. r\u00e9szt \u00f6rm\u00e9ny) Felirat a k\u00e9p h\u00e1tulj\u00e1n: Nszeben, 1915. Deczember hava[\/vc_column_text][vc_custom_heading text=&#8221;K\u00e9p k\u00e9sz\u00fcl\u00e9s\u00e9nek ideje&#8221; font_container=&#8221;tag:h3|text_align:left|color:%23c99e66&#8243; google_fonts=&#8221;font_family:Raleway%3A100%2C200%2C300%2Cregular%2C500%2C600%2C700%2C800%2C900|font_style:900%20bold%20regular%3A900%3Anormal&#8221; css=&#8221;.vc_custom_1623690313251{padding-top: 20px !important;}&#8221;][vc_column_text]1915[\/vc_column_text][vc_custom_heading text=&#8221;Fot\u00f3 jogtulajdonosa&#8221; font_container=&#8221;tag:h3|text_align:left|color:%23c99e66&#8243; google_fonts=&#8221;font_family:Raleway%3A100%2C200%2C300%2Cregular%2C500%2C600%2C700%2C800%2C900|font_style:900%20bold%20regular%3A900%3Anormal&#8221; css=&#8221;.vc_custom_1623690321182{padding-top: 20px !important;}&#8221;][vc_column_text]Isp\u00e1nkin\u00e9 Somlyai Katalin[\/vc_column_text][\/vc_column][\/vc_row]<\/p>\n","protected":false},"excerpt":{"rendered":"<p>[vc_row full_height=&#8221;yes&#8221; columns_placement=&#8221;top&#8221; equal_height=&#8221;yes&#8221; content_placement=&#8221;middle&#8221; css=&#8221;.vc_custom_1625072383780{padding-top: 50px !important;padding-bottom: 50px !important;}&#8221;][vc_column width=&#8221;2\/3&#8243;][vc_single_image image=&#8221;227&#8243; img_size=&#8221;medium&#8221; alignment=&#8221;center&#8221; onclick=&#8221;img_link_large&#8221; img_link_target=&#8221;_blank&#8221;][vc_row_inner equal_height=&#8221;yes&#8221; content_placement=&#8221;middle&#8221;][vc_column_inner][vc_column_text css=&#8221;.vc_custom_1625072450167{padding-top: 20px !important;}&#8221;] A k\u00e9pre kattintva nagyobb m\u00e9retben is megtekintheti azt. [\/vc_column_text][\/vc_column_inner][\/vc_row_inner][\/vc_column][vc_column&#8230;<\/p>\n","protected":false},"author":1,"featured_media":227,"parent":0,"menu_order":0,"comment_status":"closed","ping_status":"closed","template":"page-vc.php","meta":{"footnotes":""},"categories":[15,4,12],"tags":[],"class_list":["post-221","page","type-page","status-publish","has-post-thumbnail","hentry","category-feketefeher","category-katonasag","category-muterem"],"_links":{"self":[{"href":"https:\/\/ormenyarcok.hu\/index.php\/wp-json\/wp\/v2\/pages\/221","targetHints":{"allow":["GET"]}}],"collection":[{"href":"https:\/\/ormenyarcok.hu\/index.php\/wp-json\/wp\/v2\/pages"}],"about":[{"href":"https:\/\/ormenyarcok.hu\/index.php\/wp-json\/wp\/v2\/types\/page"}],"author":[{"embeddable":true,"href":"https:\/\/ormenyarcok.hu\/index.php\/wp-json\/wp\/v2\/users\/1"}],"replies":[{"embeddable":true,"href":"https:\/\/ormenyarcok.hu\/index.php\/wp-json\/wp\/v2\/comments?post=221"}],"version-history":[{"count":2,"href":"https:\/\/ormenyarcok.hu\/index.php\/wp-json\/wp\/v2\/pages\/221\/revisions"}],"predecessor-version":[{"id":228,"href":"https:\/\/ormenyarcok.hu\/index.php\/wp-json\/wp\/v2\/pages\/221\/revisions\/228"}],"wp:featuredmedia":[{"embeddable":true,"href":"https:\/\/ormenyarcok.hu\/index.php\/wp-json\/wp\/v2\/media\/227"}],"wp:attachment":[{"href":"https:\/\/ormenyarcok.hu\/index.php\/wp-json\/wp\/v2\/media?parent=221"}],"wp:term":[{"taxonomy":"category","embeddable":true,"href":"https:\/\/ormenyarcok.hu\/index.php\/wp-json\/wp\/v2\/categories?post=221"},{"taxonomy":"post_tag","embeddable":true,"href":"https:\/\/ormenyarcok.hu\/index.php\/wp-json\/wp\/v2\/tags?post=221"}],"curies":[{"name":"wp","href":"https:\/\/api.w.org\/{rel}","templated":true}]}}