{"id":73,"date":"2021-06-14T16:40:14","date_gmt":"2021-06-14T16:40:14","guid":{"rendered":"https:\/\/ormenyarcok.hu\/index.php\/minta-oldal-2-2\/"},"modified":"2021-06-30T17:02:35","modified_gmt":"2021-06-30T17:02:35","slug":"issekutzjanosfelesege","status":"publish","type":"page","link":"https:\/\/ormenyarcok.hu\/index.php\/issekutzjanosfelesege\/","title":{"rendered":"dr. Issekutz J\u00e1nos \u00e9s feles\u00e9ge"},"content":{"rendered":"<p>[vc_row full_height=&#8221;yes&#8221; equal_height=&#8221;yes&#8221; content_placement=&#8221;middle&#8221; css=&#8221;.vc_custom_1623690014817{padding-top: 50px !important;padding-bottom: 50px !important;}&#8221;][vc_column width=&#8221;2\/3&#8243;][vc_single_image image=&#8221;62&#8243; img_size=&#8221;medium&#8221; alignment=&#8221;center&#8221; onclick=&#8221;img_link_large&#8221; img_link_target=&#8221;_blank&#8221;][vc_column_text css=&#8221;.vc_custom_1625072570058{padding-top: 20px !important;}&#8221;]<\/p>\n<p style=\"text-align: center;\">A k\u00e9pre kattintva nagyobb m\u00e9retben is megtekintheti azt.<\/p>\n<p>[\/vc_column_text][\/vc_column][vc_column width=&#8221;1\/3&#8243;][vc_custom_heading text=&#8221;K\u00e9p c\u00edme&#8221; font_container=&#8221;tag:h3|text_align:left|color:%23c99e66&#8243; google_fonts=&#8221;font_family:Raleway%3A100%2C200%2C300%2Cregular%2C500%2C600%2C700%2C800%2C900|font_style:900%20bold%20regular%3A900%3Anormal&#8221;][vc_column_text]dr. Issekutz J\u00e1nos \u00e9s feles\u00e9ge[\/vc_column_text][vc_custom_heading text=&#8221;Le\u00edr\u00e1s&#8221; font_container=&#8221;tag:h3|text_align:left|color:%23c99e66&#8243; google_fonts=&#8221;font_family:Raleway%3A100%2C200%2C300%2Cregular%2C500%2C600%2C700%2C800%2C900|font_style:900%20bold%20regular%3A900%3Anormal&#8221; css=&#8221;.vc_custom_1624286559206{padding-top: 20px !important;}&#8221;][vc_column_text]dr. Issekutz J\u00e1nos Simon<br \/>\n(1916-1996)<br \/>\nErzs\u00e9betv\u00e1ros, Budapest<br \/>\n\u00dcgyv\u00e9d, t\u00f6rv\u00e9nysz\u00e9ki tan\u00e1cseln\u00f6k<br \/>\nFeles\u00e9ge: Pataky Erzs\u00e9bet Katalin[\/vc_column_text][vc_custom_heading text=&#8221;K\u00e9p k\u00e9sz\u00fcl\u00e9s\u00e9nek ideje&#8221; font_container=&#8221;tag:h3|text_align:left|color:%23c99e66&#8243; google_fonts=&#8221;font_family:Raleway%3A100%2C200%2C300%2Cregular%2C500%2C600%2C700%2C800%2C900|font_style:900%20bold%20regular%3A900%3Anormal&#8221; css=&#8221;.vc_custom_1623690313251{padding-top: 20px !important;}&#8221;][vc_column_text]1942[\/vc_column_text][vc_custom_heading text=&#8221;Fot\u00f3 jogtulajdonosa&#8221; font_container=&#8221;tag:h3|text_align:left|color:%23c99e66&#8243; google_fonts=&#8221;font_family:Raleway%3A100%2C200%2C300%2Cregular%2C500%2C600%2C700%2C800%2C900|font_style:900%20bold%20regular%3A900%3Anormal&#8221; css=&#8221;.vc_custom_1623690321182{padding-top: 20px !important;}&#8221;][vc_column_text]dr. Issekutz Sarolta[\/vc_column_text][\/vc_column][\/vc_row]<\/p>\n","protected":false},"excerpt":{"rendered":"<p>[vc_row full_height=&#8221;yes&#8221; equal_height=&#8221;yes&#8221; content_placement=&#8221;middle&#8221; css=&#8221;.vc_custom_1623690014817{padding-top: 50px !important;padding-bottom: 50px !important;}&#8221;][vc_column width=&#8221;2\/3&#8243;][vc_single_image image=&#8221;62&#8243; img_size=&#8221;medium&#8221; alignment=&#8221;center&#8221; onclick=&#8221;img_link_large&#8221; img_link_target=&#8221;_blank&#8221;][vc_column_text css=&#8221;.vc_custom_1625072570058{padding-top: 20px !important;}&#8221;] A k\u00e9pre kattintva nagyobb m\u00e9retben is megtekintheti azt. [\/vc_column_text][\/vc_column][vc_column width=&#8221;1\/3&#8243;][vc_custom_heading text=&#8221;K\u00e9p c\u00edme&#8221;&#8230;<\/p>\n","protected":false},"author":1,"featured_media":62,"parent":0,"menu_order":0,"comment_status":"closed","ping_status":"closed","template":"page-vc.php","meta":{"footnotes":""},"categories":[14,3],"tags":[],"class_list":["post-73","page","type-page","status-publish","has-post-thumbnail","hentry","category-ormenyarc","category-eskuvo"],"_links":{"self":[{"href":"https:\/\/ormenyarcok.hu\/index.php\/wp-json\/wp\/v2\/pages\/73","targetHints":{"allow":["GET"]}}],"collection":[{"href":"https:\/\/ormenyarcok.hu\/index.php\/wp-json\/wp\/v2\/pages"}],"about":[{"href":"https:\/\/ormenyarcok.hu\/index.php\/wp-json\/wp\/v2\/types\/page"}],"author":[{"embeddable":true,"href":"https:\/\/ormenyarcok.hu\/index.php\/wp-json\/wp\/v2\/users\/1"}],"replies":[{"embeddable":true,"href":"https:\/\/ormenyarcok.hu\/index.php\/wp-json\/wp\/v2\/comments?post=73"}],"version-history":[{"count":5,"href":"https:\/\/ormenyarcok.hu\/index.php\/wp-json\/wp\/v2\/pages\/73\/revisions"}],"predecessor-version":[{"id":186,"href":"https:\/\/ormenyarcok.hu\/index.php\/wp-json\/wp\/v2\/pages\/73\/revisions\/186"}],"wp:featuredmedia":[{"embeddable":true,"href":"https:\/\/ormenyarcok.hu\/index.php\/wp-json\/wp\/v2\/media\/62"}],"wp:attachment":[{"href":"https:\/\/ormenyarcok.hu\/index.php\/wp-json\/wp\/v2\/media?parent=73"}],"wp:term":[{"taxonomy":"category","embeddable":true,"href":"https:\/\/ormenyarcok.hu\/index.php\/wp-json\/wp\/v2\/categories?post=73"},{"taxonomy":"post_tag","embeddable":true,"href":"https:\/\/ormenyarcok.hu\/index.php\/wp-json\/wp\/v2\/tags?post=73"}],"curies":[{"name":"wp","href":"https:\/\/api.w.org\/{rel}","templated":true}]}}